{"id":1123,"date":"2021-06-09T08:18:05","date_gmt":"2021-06-09T11:18:05","guid":{"rendered":"https:\/\/danielsoareswebdesign.com.br\/oldfertron\/?page_id=1123"},"modified":"2024-10-16T13:51:30","modified_gmt":"2024-10-16T16:51:30","slug":"revisiones","status":"publish","type":"page","link":"https:\/\/danielsoareswebdesign.com.br\/oldfertron\/es\/revisiones\/","title":{"rendered":"Revisiones"},"content":{"rendered":"\t\t<div data-elementor-type=\"wp-page\" data-elementor-id=\"1123\" class=\"elementor elementor-1123\" data-elementor-post-type=\"page\">\n\t\t\t\t\t\t<section class=\"elementor-section elementor-top-section elementor-element elementor-element-bb7574a elementor-section-boxed elementor-section-height-default elementor-section-height-default\" data-id=\"bb7574a\" data-element_type=\"section\" data-settings=\"{&quot;background_background&quot;:&quot;classic&quot;}\">\n\t\t\t\t\t\t\t<div class=\"elementor-background-overlay\"><\/div>\n\t\t\t\t\t\t\t<div class=\"elementor-container elementor-column-gap-no\">\n\t\t\t\t\t<div class=\"elementor-column elementor-col-100 elementor-top-column elementor-element elementor-element-20424d2\" data-id=\"20424d2\" data-element_type=\"column\">\n\t\t\t<div class=\"elementor-widget-wrap elementor-element-populated\">\n\t\t\t\t\t\t\t<\/div>\n\t\t<\/div>\n\t\t\t\t\t<\/div>\n\t\t<\/section>\n\t\t\t\t<section class=\"elementor-section elementor-top-section elementor-element elementor-element-ab8adbb elementor-section-boxed elementor-section-height-default elementor-section-height-default\" data-id=\"ab8adbb\" data-element_type=\"section\">\n\t\t\t\t\t\t<div class=\"elementor-container elementor-column-gap-no\">\n\t\t\t\t\t<div class=\"elementor-column elementor-col-100 elementor-top-column elementor-element elementor-element-2155e5c\" data-id=\"2155e5c\" data-element_type=\"column\">\n\t\t\t<div class=\"elementor-widget-wrap elementor-element-populated\">\n\t\t\t\t\t\t<div class=\"elementor-element elementor-element-c040ee9 elementor-widget elementor-widget-text-editor\" data-id=\"c040ee9\" data-element_type=\"widget\" data-widget_type=\"text-editor.default\">\n\t\t\t\t<div class=\"elementor-widget-container\">\n\t\t\t\t\t\t\t<p><!-- wp:paragraph --><\/p>\n<p><strong>Revisiones Electr\u00f3nicas<\/strong><\/p>\n<ul>\n<li>Indicadores universales;<\/li>\n<li>Controladores;<\/li>\n<li>Aisladores de corriente;<\/li>\n<li>Convertidores de se\u00f1al;<\/li>\n<li>M\u00f3dulos de adquisici\u00f3n de datos;<\/li>\n<li>Sensores capacitivos;<\/li>\n<li>Estaci\u00f3n autom\u00e1tica \/ manual;<\/li>\n<li>Concentraci\u00f3n de sondas;<\/li>\n<li>Transmisores en general;<\/li>\n<li>Posicionadores en general<\/li>\n<\/ul>\n<p><strong><br \/>Soporte T\u00e9cnico \u2013 24 Horas<\/strong><\/p>\n<ul>\n<li>Teste de control de loops;<\/li>\n<li>Puesta en marcha;<\/li>\n<li>Operaci\u00f3n asistida;<\/li>\n<li>Inspecci\u00f3n y calibraci\u00f3n de los elementos finales de<br \/>control;<\/li>\n<li>Consultor\u00eda en proyectos de az\u00facar y etanol;<\/li>\n<li>Certificado de red.<\/li>\n<\/ul>\n<p><strong><br \/>Revisiones de Paneles<\/strong><\/p>\n<ul>\n<li>Paneles de automatizaci\u00f3n y el\u00e9ctricos;<\/li>\n<li>Preventivo en inversiones de frecuencia y Soft Start.<\/li>\n<\/ul>\n<p><strong><br \/>Revisiones Mec\u00e1nicas<\/strong><\/p>\n<ul>\n<li>V\u00e1lvulas de descarga de<br \/>fondo de calderas;<br \/>Frenos mec\u00e1nicos;<\/li>\n<li>Actuadores de compuertas<br \/>(neum\u00e1ticos y mec\u00e1nicos);<\/li>\n<li>Actuadores de turbina;<\/li>\n<li>Sondas de concentraci\u00f3n;<\/li>\n<li>Manifolds;<\/li>\n<li>V\u00e1lvulas de globo<\/li>\n<\/ul>\n<p><!-- \/wp:list --><\/p>\t\t\t\t\t\t<\/div>\n\t\t\t\t<\/div>\n\t\t\t\t<div class=\"elementor-element elementor-element-6d009b1 elementor-widget elementor-widget-image\" data-id=\"6d009b1\" data-element_type=\"widget\" data-widget_type=\"image.default\">\n\t\t\t\t<div class=\"elementor-widget-container\">\n\t\t\t\t\t\t\t\t\t\t\t\t\t<img fetchpriority=\"high\" decoding=\"async\" width=\"400\" height=\"241\" src=\"https:\/\/danielsoareswebdesign.com.br\/oldfertron\/wp-content\/uploads\/2021\/06\/57-1.jpg\" class=\"attachment-large size-large wp-image-1544\" alt=\"\" srcset=\"https:\/\/danielsoareswebdesign.com.br\/oldfertron\/wp-content\/uploads\/2021\/06\/57-1.jpg 400w, https:\/\/danielsoareswebdesign.com.br\/oldfertron\/wp-content\/uploads\/2021\/06\/57-1-300x181.jpg 300w\" sizes=\"(max-width: 400px) 100vw, 400px\" \/>\t\t\t\t\t\t\t\t\t\t\t\t\t<\/div>\n\t\t\t\t<\/div>\n\t\t\t\t\t<\/div>\n\t\t<\/div>\n\t\t\t\t\t<\/div>\n\t\t<\/section>\n\t\t\t\t<section class=\"elementor-section elementor-top-section elementor-element elementor-element-3114214 elementor-section-boxed elementor-section-height-default elementor-section-height-default\" data-id=\"3114214\" data-element_type=\"section\">\n\t\t\t\t\t\t<div class=\"elementor-container elementor-column-gap-no\">\n\t\t\t\t\t<div class=\"elementor-column elementor-col-100 elementor-top-column elementor-element elementor-element-75100a0\" data-id=\"75100a0\" data-element_type=\"column\">\n\t\t\t<div class=\"elementor-widget-wrap elementor-element-populated\">\n\t\t\t\t\t\t<div class=\"elementor-element elementor-element-bffa63b elementor-tabs-view-horizontal elementor-widget elementor-widget-tabs\" data-id=\"bffa63b\" data-element_type=\"widget\" data-widget_type=\"tabs.default\">\n\t\t\t\t<div class=\"elementor-widget-container\">\n\t\t\t\t\t<div class=\"elementor-tabs\">\n\t\t\t<div class=\"elementor-tabs-wrapper\" role=\"tablist\" >\n\t\t\t\t\t\t\t\t\t<div id=\"elementor-tab-title-2011\" class=\"elementor-tab-title elementor-tab-desktop-title\" aria-selected=\"true\" data-tab=\"1\" role=\"tab\" tabindex=\"0\" aria-controls=\"elementor-tab-content-2011\" aria-expanded=\"false\"><i class=\"fas fa-search\"><\/i>  Revisiones Electr\u00f3nicas<\/div>\n\t\t\t\t\t\t\t\t\t<div id=\"elementor-tab-title-2012\" class=\"elementor-tab-title elementor-tab-desktop-title\" aria-selected=\"false\" data-tab=\"2\" role=\"tab\" tabindex=\"-1\" aria-controls=\"elementor-tab-content-2012\" aria-expanded=\"false\"><i class=\"fas fa-search\"><\/i>  Revisiones Mec\u00e1nicas<\/div>\n\t\t\t\t\t\t\t\t\t<div id=\"elementor-tab-title-2013\" class=\"elementor-tab-title elementor-tab-desktop-title\" aria-selected=\"false\" data-tab=\"3\" role=\"tab\" tabindex=\"-1\" aria-controls=\"elementor-tab-content-2013\" aria-expanded=\"false\"><i class=\"fas fa-search\"><\/i>  Revisiones de Paneles<\/div>\n\t\t\t\t\t\t\t<\/div>\n\t\t\t<div class=\"elementor-tabs-content-wrapper\" role=\"tablist\" aria-orientation=\"vertical\">\n\t\t\t\t\t\t\t\t\t<div class=\"elementor-tab-title elementor-tab-mobile-title\" aria-selected=\"true\" data-tab=\"1\" role=\"tab\" tabindex=\"0\" aria-controls=\"elementor-tab-content-2011\" aria-expanded=\"false\"><i class=\"fas fa-search\"><\/i>  Revisiones Electr\u00f3nicas<\/div>\n\t\t\t\t\t<div id=\"elementor-tab-content-2011\" class=\"elementor-tab-content elementor-clearfix\" data-tab=\"1\" role=\"tabpanel\" aria-labelledby=\"elementor-tab-title-2011\" tabindex=\"0\" hidden=\"false\"><ul>\n<li>Indicador universal<\/li>\n<li>Controladores<\/li>\n<li>Aisladores de corriente<\/li>\n<li>Convertidores de se\u00f1al<\/li>\n<li>M\u00f3dulo de adquisici\u00f3n de datos<\/li>\n<li>Sensores capacitivos<\/li>\n<li>Estaci\u00f3n autom\u00e1tica\/manual<\/li>\n<li>Sondas de concentraci\u00f3n<\/li>\n<li>Transmisores en general<\/li>\n<li>Posicionadores en general<\/li>\n<li>Motor electrico<\/li>\n<\/ul><\/div>\n\t\t\t\t\t\t\t\t\t<div class=\"elementor-tab-title elementor-tab-mobile-title\" aria-selected=\"false\" data-tab=\"2\" role=\"tab\" tabindex=\"-1\" aria-controls=\"elementor-tab-content-2012\" aria-expanded=\"false\"><i class=\"fas fa-search\"><\/i>  Revisiones Mec\u00e1nicas<\/div>\n\t\t\t\t\t<div id=\"elementor-tab-content-2012\" class=\"elementor-tab-content elementor-clearfix\" data-tab=\"2\" role=\"tabpanel\" aria-labelledby=\"elementor-tab-title-2012\" tabindex=\"0\" hidden=\"hidden\"><ul>\n<li>V\u00e1lvulas de descarga del fondo de la caldera<\/li>\n<li>Frenos mec\u00e1nicos<\/li>\n<li>Actuadores de amortiguadores (neum\u00e1ticos y mec\u00e1nicos)<\/li>\n<li>Actuadores de turbina<\/li>\n<li>Sondas de concentraci\u00f3n<\/li>\n<li>Colectores<\/li>\n<li>V\u00e1lvulas globo<\/li>\n<\/ul><\/div>\n\t\t\t\t\t\t\t\t\t<div class=\"elementor-tab-title elementor-tab-mobile-title\" aria-selected=\"false\" data-tab=\"3\" role=\"tab\" tabindex=\"-1\" aria-controls=\"elementor-tab-content-2013\" aria-expanded=\"false\"><i class=\"fas fa-search\"><\/i>  Revisiones de Paneles<\/div>\n\t\t\t\t\t<div id=\"elementor-tab-content-2013\" class=\"elementor-tab-content elementor-clearfix\" data-tab=\"3\" role=\"tabpanel\" aria-labelledby=\"elementor-tab-title-2013\" tabindex=\"0\" hidden=\"hidden\"><ul>\n<li>Paneles de Automatizaci\u00f3n y El\u00e9ctricas<\/li>\n<li>Preventivo en las inversiones de frecuencia y en el arranque suave<\/li>\n<\/ul><\/div>\n\t\t\t\t\t\t\t<\/div>\n\t\t<\/div>\n\t\t\t\t<\/div>\n\t\t\t\t<\/div>\n\t\t\t\t\t<\/div>\n\t\t<\/div>\n\t\t\t\t\t<\/div>\n\t\t<\/section>\n\t\t\t\t<\/div>\n\t\t","protected":false},"excerpt":{"rendered":"<p>Revisiones Electr\u00f3nicas Indicadores universales; Controladores; Aisladores de corriente; Convertidores de se\u00f1al; M\u00f3dulos de adquisici\u00f3n de datos; Sensores capacitivos; Estaci\u00f3n autom\u00e1tica \/ manual; Concentraci\u00f3n de sondas; Transmisores en general; Posicionadores en general Soporte T\u00e9cnico \u2013 24 Horas Teste de control de loops; Puesta en marcha; Operaci\u00f3n asistida; Inspecci\u00f3n y calibraci\u00f3n de los elementos finales decontrol; Consultor\u00eda<a id=\"ocpc-postlink\" class=\"read-more\" target=\"_blank\" href=\"https:\/\/danielsoareswebdesign.com.br\/oldfertron\/es\/revisiones\/\"> [&hellip;]<\/a><\/p>\n","protected":false},"author":1,"featured_media":0,"parent":0,"menu_order":0,"comment_status":"closed","ping_status":"closed","template":"","meta":{"footnotes":""},"class_list":["post-1123","page","type-page","status-publish","hentry"],"_links":{"self":[{"href":"https:\/\/danielsoareswebdesign.com.br\/oldfertron\/wp-json\/wp\/v2\/pages\/1123","targetHints":{"allow":["GET"]}}],"collection":[{"href":"https:\/\/danielsoareswebdesign.com.br\/oldfertron\/wp-json\/wp\/v2\/pages"}],"about":[{"href":"https:\/\/danielsoareswebdesign.com.br\/oldfertron\/wp-json\/wp\/v2\/types\/page"}],"author":[{"embeddable":true,"href":"https:\/\/danielsoareswebdesign.com.br\/oldfertron\/wp-json\/wp\/v2\/users\/1"}],"replies":[{"embeddable":true,"href":"https:\/\/danielsoareswebdesign.com.br\/oldfertron\/wp-json\/wp\/v2\/comments?post=1123"}],"version-history":[{"count":37,"href":"https:\/\/danielsoareswebdesign.com.br\/oldfertron\/wp-json\/wp\/v2\/pages\/1123\/revisions"}],"predecessor-version":[{"id":3532,"href":"https:\/\/danielsoareswebdesign.com.br\/oldfertron\/wp-json\/wp\/v2\/pages\/1123\/revisions\/3532"}],"wp:attachment":[{"href":"https:\/\/danielsoareswebdesign.com.br\/oldfertron\/wp-json\/wp\/v2\/media?parent=1123"}],"curies":[{"name":"wp","href":"https:\/\/api.w.org\/{rel}","templated":true}]}}