{"id":1102,"date":"2021-06-09T08:04:16","date_gmt":"2021-06-09T11:04:16","guid":{"rendered":"https:\/\/danielsoareswebdesign.com.br\/oldfertron\/?page_id=1102"},"modified":"2024-10-16T13:52:52","modified_gmt":"2024-10-16T16:52:52","slug":"revisoes","status":"publish","type":"page","link":"https:\/\/danielsoareswebdesign.com.br\/oldfertron\/revisoes\/","title":{"rendered":"Revis\u00f5es"},"content":{"rendered":"\t\t<div data-elementor-type=\"wp-page\" data-elementor-id=\"1102\" class=\"elementor elementor-1102\" data-elementor-post-type=\"page\">\n\t\t\t\t\t\t<section class=\"elementor-section elementor-top-section elementor-element elementor-element-bb7574a elementor-section-boxed elementor-section-height-default elementor-section-height-default\" data-id=\"bb7574a\" data-element_type=\"section\" data-settings=\"{&quot;background_background&quot;:&quot;classic&quot;}\">\n\t\t\t\t\t\t\t<div class=\"elementor-background-overlay\"><\/div>\n\t\t\t\t\t\t\t<div class=\"elementor-container elementor-column-gap-no\">\n\t\t\t\t\t<div class=\"elementor-column elementor-col-100 elementor-top-column elementor-element elementor-element-20424d2\" data-id=\"20424d2\" data-element_type=\"column\">\n\t\t\t<div class=\"elementor-widget-wrap elementor-element-populated\">\n\t\t\t\t\t\t\t<\/div>\n\t\t<\/div>\n\t\t\t\t\t<\/div>\n\t\t<\/section>\n\t\t\t\t<section class=\"elementor-section elementor-top-section elementor-element elementor-element-1510c15 elementor-section-boxed elementor-section-height-default elementor-section-height-default\" data-id=\"1510c15\" data-element_type=\"section\">\n\t\t\t\t\t\t<div class=\"elementor-container elementor-column-gap-no\">\n\t\t\t\t\t<div class=\"elementor-column elementor-col-100 elementor-top-column elementor-element elementor-element-eda72b3\" data-id=\"eda72b3\" data-element_type=\"column\">\n\t\t\t<div class=\"elementor-widget-wrap elementor-element-populated\">\n\t\t\t\t\t\t<div class=\"elementor-element elementor-element-ef24970 elementor-widget elementor-widget-image\" data-id=\"ef24970\" data-element_type=\"widget\" data-widget_type=\"image.default\">\n\t\t\t\t<div class=\"elementor-widget-container\">\n\t\t\t\t\t\t\t\t\t\t\t\t\t<img fetchpriority=\"high\" decoding=\"async\" width=\"400\" height=\"241\" src=\"https:\/\/danielsoareswebdesign.com.br\/oldfertron\/wp-content\/uploads\/2021\/06\/57-1.jpg\" class=\"attachment-large size-large wp-image-1544\" alt=\"\" srcset=\"https:\/\/danielsoareswebdesign.com.br\/oldfertron\/wp-content\/uploads\/2021\/06\/57-1.jpg 400w, https:\/\/danielsoareswebdesign.com.br\/oldfertron\/wp-content\/uploads\/2021\/06\/57-1-300x181.jpg 300w\" sizes=\"(max-width: 400px) 100vw, 400px\" \/>\t\t\t\t\t\t\t\t\t\t\t\t\t<\/div>\n\t\t\t\t<\/div>\n\t\t\t\t\t<\/div>\n\t\t<\/div>\n\t\t\t\t\t<\/div>\n\t\t<\/section>\n\t\t\t\t<section class=\"elementor-section elementor-top-section elementor-element elementor-element-3114214 elementor-section-boxed elementor-section-height-default elementor-section-height-default\" data-id=\"3114214\" data-element_type=\"section\">\n\t\t\t\t\t\t<div class=\"elementor-container elementor-column-gap-no\">\n\t\t\t\t\t<div class=\"elementor-column elementor-col-100 elementor-top-column elementor-element elementor-element-75100a0\" data-id=\"75100a0\" data-element_type=\"column\">\n\t\t\t<div class=\"elementor-widget-wrap elementor-element-populated\">\n\t\t\t\t\t\t<div class=\"elementor-element elementor-element-4091143 elementor-tabs-view-horizontal elementor-widget elementor-widget-tabs\" data-id=\"4091143\" data-element_type=\"widget\" data-widget_type=\"tabs.default\">\n\t\t\t\t<div class=\"elementor-widget-container\">\n\t\t\t\t\t<div class=\"elementor-tabs\">\n\t\t\t<div class=\"elementor-tabs-wrapper\" role=\"tablist\" >\n\t\t\t\t\t\t\t\t\t<div id=\"elementor-tab-title-6771\" class=\"elementor-tab-title elementor-tab-desktop-title\" aria-selected=\"true\" data-tab=\"1\" role=\"tab\" tabindex=\"0\" aria-controls=\"elementor-tab-content-6771\" aria-expanded=\"false\"><i class=\"fas fa-search\"><\/i>  Revis\u00f5es Eletr\u00f4nicas<\/div>\n\t\t\t\t\t\t\t\t\t<div id=\"elementor-tab-title-6772\" class=\"elementor-tab-title elementor-tab-desktop-title\" aria-selected=\"false\" data-tab=\"2\" role=\"tab\" tabindex=\"-1\" aria-controls=\"elementor-tab-content-6772\" aria-expanded=\"false\"><i class=\"fas fa-search\"><\/i>  Revis\u00f5es Mec\u00e2nicas<\/div>\n\t\t\t\t\t\t\t\t\t<div id=\"elementor-tab-title-6773\" class=\"elementor-tab-title elementor-tab-desktop-title\" aria-selected=\"false\" data-tab=\"3\" role=\"tab\" tabindex=\"-1\" aria-controls=\"elementor-tab-content-6773\" aria-expanded=\"false\"><i class=\"fas fa-search\"><\/i>  Revis\u00f5es de Pan\u00e9is<\/div>\n\t\t\t\t\t\t\t<\/div>\n\t\t\t<div class=\"elementor-tabs-content-wrapper\" role=\"tablist\" aria-orientation=\"vertical\">\n\t\t\t\t\t\t\t\t\t<div class=\"elementor-tab-title elementor-tab-mobile-title\" aria-selected=\"true\" data-tab=\"1\" role=\"tab\" tabindex=\"0\" aria-controls=\"elementor-tab-content-6771\" aria-expanded=\"false\"><i class=\"fas fa-search\"><\/i>  Revis\u00f5es Eletr\u00f4nicas<\/div>\n\t\t\t\t\t<div id=\"elementor-tab-content-6771\" class=\"elementor-tab-content elementor-clearfix\" data-tab=\"1\" role=\"tabpanel\" aria-labelledby=\"elementor-tab-title-6771\" tabindex=\"0\" hidden=\"false\"><ul><li>Indicador universal<\/li><li>Controladores<\/li><li>Isoladores de corrente<\/li><li>Conversores de sinais<\/li><li>M\u00f3dulo de aquisi\u00e7\u00e3o de dados<\/li><li>Sensores capacitivos<\/li><li>Esta\u00e7\u00e3o auto\/manual<\/li><li>Sondas de concentra\u00e7\u00e3o<\/li><li>Transmissores em geral<\/li><li>Posicionadores em geral<\/li><li>Motores el\u00e9tricos<\/li><\/ul> <\/div>\n\t\t\t\t\t\t\t\t\t<div class=\"elementor-tab-title elementor-tab-mobile-title\" aria-selected=\"false\" data-tab=\"2\" role=\"tab\" tabindex=\"-1\" aria-controls=\"elementor-tab-content-6772\" aria-expanded=\"false\"><i class=\"fas fa-search\"><\/i>  Revis\u00f5es Mec\u00e2nicas<\/div>\n\t\t\t\t\t<div id=\"elementor-tab-content-6772\" class=\"elementor-tab-content elementor-clearfix\" data-tab=\"2\" role=\"tabpanel\" aria-labelledby=\"elementor-tab-title-6772\" tabindex=\"0\" hidden=\"hidden\"><ul><li>V\u00e1lvulas descarga de fundo da caldeira<\/li><li>Freios mec\u00e2nicos<\/li><li>Atuadores damper (pneum\u00e1ticos e mec\u00e2nicos)<\/li><li>Atuadores de turbinas<\/li><li>Sondas de concentra\u00e7\u00e3o<\/li><li>Manifolds<\/li><li>V\u00e1lvulas globo<\/li><\/ul><\/div>\n\t\t\t\t\t\t\t\t\t<div class=\"elementor-tab-title elementor-tab-mobile-title\" aria-selected=\"false\" data-tab=\"3\" role=\"tab\" tabindex=\"-1\" aria-controls=\"elementor-tab-content-6773\" aria-expanded=\"false\"><i class=\"fas fa-search\"><\/i>  Revis\u00f5es de Pan\u00e9is<\/div>\n\t\t\t\t\t<div id=\"elementor-tab-content-6773\" class=\"elementor-tab-content elementor-clearfix\" data-tab=\"3\" role=\"tabpanel\" aria-labelledby=\"elementor-tab-title-6773\" tabindex=\"0\" hidden=\"hidden\"><ul><li>Pain\u00e9is de automa\u00e7\u00e3o e el\u00e9trica<\/li><li>Preventiva em invers\u00f5es de frequ\u00eancia e Soft Start<\/li><\/ul>    <\/div>\n\t\t\t\t\t\t\t<\/div>\n\t\t<\/div>\n\t\t\t\t<\/div>\n\t\t\t\t<\/div>\n\t\t\t\t\t<\/div>\n\t\t<\/div>\n\t\t\t\t\t<\/div>\n\t\t<\/section>\n\t\t\t\t<\/div>\n\t\t","protected":false},"excerpt":{"rendered":"<p>Revis\u00f5es Eletr\u00f4nicas Revis\u00f5es Mec\u00e2nicas Revis\u00f5es de Pan\u00e9is Revis\u00f5es Eletr\u00f4nicas Indicador universal Controladores Isoladores de corrente Conversores de sinais M\u00f3dulo de aquisi\u00e7\u00e3o de dados Sensores capacitivos Esta\u00e7\u00e3o auto\/manual Sondas de concentra\u00e7\u00e3o Transmissores em geral Posicionadores em geral Motores el\u00e9tricos Revis\u00f5es Mec\u00e2nicas V\u00e1lvulas descarga de fundo da caldeira Freios mec\u00e2nicos Atuadores damper (pneum\u00e1ticos e mec\u00e2nicos) Atuadores de<a id=\"ocpc-postlink\" class=\"read-more\" target=\"_blank\" href=\"https:\/\/danielsoareswebdesign.com.br\/oldfertron\/revisoes\/\"> [&hellip;]<\/a><\/p>\n","protected":false},"author":1,"featured_media":0,"parent":0,"menu_order":0,"comment_status":"closed","ping_status":"closed","template":"","meta":{"footnotes":""},"class_list":["post-1102","page","type-page","status-publish","hentry"],"_links":{"self":[{"href":"https:\/\/danielsoareswebdesign.com.br\/oldfertron\/wp-json\/wp\/v2\/pages\/1102","targetHints":{"allow":["GET"]}}],"collection":[{"href":"https:\/\/danielsoareswebdesign.com.br\/oldfertron\/wp-json\/wp\/v2\/pages"}],"about":[{"href":"https:\/\/danielsoareswebdesign.com.br\/oldfertron\/wp-json\/wp\/v2\/types\/page"}],"author":[{"embeddable":true,"href":"https:\/\/danielsoareswebdesign.com.br\/oldfertron\/wp-json\/wp\/v2\/users\/1"}],"replies":[{"embeddable":true,"href":"https:\/\/danielsoareswebdesign.com.br\/oldfertron\/wp-json\/wp\/v2\/comments?post=1102"}],"version-history":[{"count":49,"href":"https:\/\/danielsoareswebdesign.com.br\/oldfertron\/wp-json\/wp\/v2\/pages\/1102\/revisions"}],"predecessor-version":[{"id":3526,"href":"https:\/\/danielsoareswebdesign.com.br\/oldfertron\/wp-json\/wp\/v2\/pages\/1102\/revisions\/3526"}],"wp:attachment":[{"href":"https:\/\/danielsoareswebdesign.com.br\/oldfertron\/wp-json\/wp\/v2\/media?parent=1102"}],"curies":[{"name":"wp","href":"https:\/\/api.w.org\/{rel}","templated":true}]}}