{"id":1031,"date":"2021-06-07T14:28:05","date_gmt":"2021-06-07T17:28:05","guid":{"rendered":"https:\/\/danielsoareswebdesign.com.br\/oldfertron\/?page_id=1031"},"modified":"2024-10-16T13:51:18","modified_gmt":"2024-10-16T16:51:18","slug":"gestion-industrial","status":"publish","type":"page","link":"https:\/\/danielsoareswebdesign.com.br\/oldfertron\/es\/gestion-industrial\/","title":{"rendered":"Gesti\u00f3n Industrial"},"content":{"rendered":"\t\t<div data-elementor-type=\"wp-page\" data-elementor-id=\"1031\" class=\"elementor elementor-1031\" data-elementor-post-type=\"page\">\n\t\t\t\t\t\t<section class=\"elementor-section elementor-top-section elementor-element elementor-element-eaa285c elementor-section-boxed elementor-section-height-default elementor-section-height-default\" data-id=\"eaa285c\" data-element_type=\"section\" data-settings=\"{&quot;background_background&quot;:&quot;classic&quot;}\">\n\t\t\t\t\t\t\t<div class=\"elementor-background-overlay\"><\/div>\n\t\t\t\t\t\t\t<div class=\"elementor-container elementor-column-gap-no\">\n\t\t\t\t\t<div class=\"elementor-column elementor-col-100 elementor-top-column elementor-element elementor-element-5923c0c\" data-id=\"5923c0c\" data-element_type=\"column\">\n\t\t\t<div class=\"elementor-widget-wrap elementor-element-populated\">\n\t\t\t\t\t\t\t<\/div>\n\t\t<\/div>\n\t\t\t\t\t<\/div>\n\t\t<\/section>\n\t\t\t\t<section class=\"elementor-section elementor-top-section elementor-element elementor-element-90d8011 elementor-section-boxed elementor-section-height-default elementor-section-height-default\" data-id=\"90d8011\" data-element_type=\"section\">\n\t\t\t\t\t\t<div class=\"elementor-container elementor-column-gap-no\">\n\t\t\t\t\t<div class=\"elementor-column elementor-col-100 elementor-top-column elementor-element elementor-element-95ba790\" data-id=\"95ba790\" data-element_type=\"column\">\n\t\t\t<div class=\"elementor-widget-wrap elementor-element-populated\">\n\t\t\t\t\t\t<div class=\"elementor-element elementor-element-f59619e elementor-widget elementor-widget-heading\" data-id=\"f59619e\" data-element_type=\"widget\" data-widget_type=\"heading.default\">\n\t\t\t\t<div class=\"elementor-widget-container\">\n\t\t\t<h3 class=\"elementor-heading-title elementor-size-default\">Gesti\u00f3n de la planta en tiempo real para los niveles de supervisi\u00f3n y gesti\u00f3n de la producci\u00f3n<\/h3>\t\t<\/div>\n\t\t\t\t<\/div>\n\t\t\t\t<div class=\"elementor-element elementor-element-a496b78 elementor-widget elementor-widget-text-editor\" data-id=\"a496b78\" data-element_type=\"widget\" data-widget_type=\"text-editor.default\">\n\t\t\t\t<div class=\"elementor-widget-container\">\n\t\t\t\t\t\t\t<p>La gesti\u00f3n de calidad de Fertron se basa en la norma ISO 9001, siguiendo la tendencia del mercado. La gesti\u00f3n de proyectos se ha convertido en una estrategia cada vez m\u00e1s practicada por las organizaciones, debido a la necesidad de a\u00f1adir valor a sus productos y servicios en entornos cada vez m\u00e1s inestables. Fertron ofrece a sus clientes una estructura de Oficina de Gesti\u00f3n de Proyectos (PMO), donde sus miembros directivos trabajan orientados a una estructura PMBOK, utilizando pr\u00e1cticas de gesti\u00f3n de proyectos reconocidas internacionalmente. Las \u00e1reas de conocimiento que se aplican en esta PMO se describen a continuaci\u00f3n, y el objetivo principal de la Oficina es apoyar la gesti\u00f3n de proyectos, con el fin de entregar a sus clientes proyectos en tiempo, coste y alcance contratados, ya que alineados con las estrategias de la empresa.<\/p><p>Por lo tanto, forma parte del \u00e1mbito de suministro de Fertron, el desarrollo del proyecto, la fabricaci\u00f3n y la aplicaci\u00f3n de las siguientes actividades y productos:<\/p>\t\t\t\t\t\t<\/div>\n\t\t\t\t<\/div>\n\t\t\t\t<div class=\"elementor-element elementor-element-bd25f55 elementor-tabs-view-horizontal elementor-widget elementor-widget-tabs\" data-id=\"bd25f55\" data-element_type=\"widget\" data-widget_type=\"tabs.default\">\n\t\t\t\t<div class=\"elementor-widget-container\">\n\t\t\t\t\t<div class=\"elementor-tabs\">\n\t\t\t<div class=\"elementor-tabs-wrapper\" role=\"tablist\" >\n\t\t\t\t\t\t\t\t\t<div id=\"elementor-tab-title-1981\" class=\"elementor-tab-title elementor-tab-desktop-title\" aria-selected=\"true\" data-tab=\"1\" role=\"tab\" tabindex=\"0\" aria-controls=\"elementor-tab-content-1981\" aria-expanded=\"false\"><i class=\"fas fa-project-diagram\"><\/i>  Descripci\u00f3n de los grupos de procesos de gesti\u00f3n de proyectos<\/div>\n\t\t\t\t\t\t\t\t\t<div id=\"elementor-tab-title-1982\" class=\"elementor-tab-title elementor-tab-desktop-title\" aria-selected=\"false\" data-tab=\"2\" role=\"tab\" tabindex=\"-1\" aria-controls=\"elementor-tab-content-1982\" aria-expanded=\"false\"><i class=\"fas fa-cog\"><\/i> Descripci\u00f3n de las \u00e1reas de conocimiento<\/div>\n\t\t\t\t\t\t\t<\/div>\n\t\t\t<div class=\"elementor-tabs-content-wrapper\" role=\"tablist\" aria-orientation=\"vertical\">\n\t\t\t\t\t\t\t\t\t<div class=\"elementor-tab-title elementor-tab-mobile-title\" aria-selected=\"true\" data-tab=\"1\" role=\"tab\" tabindex=\"0\" aria-controls=\"elementor-tab-content-1981\" aria-expanded=\"false\"><i class=\"fas fa-project-diagram\"><\/i>  Descripci\u00f3n de los grupos de procesos de gesti\u00f3n de proyectos<\/div>\n\t\t\t\t\t<div id=\"elementor-tab-content-1981\" class=\"elementor-tab-content elementor-clearfix\" data-tab=\"1\" role=\"tabpanel\" aria-labelledby=\"elementor-tab-title-1981\" tabindex=\"0\" hidden=\"false\"><ul><li>Iniciaci\u00f3n<\/li><li>Planificaci\u00f3n<\/li><li>Ejecuci\u00f3n<\/li><li>Seguimiento y control<\/li><li>Cerrar<\/li><\/ul><\/div>\n\t\t\t\t\t\t\t\t\t<div class=\"elementor-tab-title elementor-tab-mobile-title\" aria-selected=\"false\" data-tab=\"2\" role=\"tab\" tabindex=\"-1\" aria-controls=\"elementor-tab-content-1982\" aria-expanded=\"false\"><i class=\"fas fa-cog\"><\/i> Descripci\u00f3n de las \u00e1reas de conocimiento<\/div>\n\t\t\t\t\t<div id=\"elementor-tab-content-1982\" class=\"elementor-tab-content elementor-clearfix\" data-tab=\"2\" role=\"tabpanel\" aria-labelledby=\"elementor-tab-title-1982\" tabindex=\"0\" hidden=\"hidden\"><ul><li>Gesti\u00f3n de la integraci\u00f3n de proyectos<\/li><li>Gesti\u00f3n del alcance del Proyecto<\/li><li>Gesti\u00f3n del tiempo del Proyecto<\/li><li>Gesti\u00f3n de costes de proyectos<\/li><li>Gesti\u00f3n de la calidad de los proyectos<\/li><li>Proyecto de gesti\u00f3n de recursos humanos<\/li><li>Gesti\u00f3n de las comunicaciones del Proyecto<\/li><li>Gesti\u00f3n de riesgos del Proyecto<\/li><li>Gesti\u00f3n de adquisiciones de proyectos<\/li><\/ul><\/div>\n\t\t\t\t\t\t\t<\/div>\n\t\t<\/div>\n\t\t\t\t<\/div>\n\t\t\t\t<\/div>\n\t\t\t\t\t<\/div>\n\t\t<\/div>\n\t\t\t\t\t<\/div>\n\t\t<\/section>\n\t\t\t\t<section class=\"elementor-section elementor-top-section elementor-element elementor-element-7c1e649 elementor-section-full_width elementor-section-height-min-height elementor-section-items-stretch elementor-reverse-mobile elementor-section-height-default\" data-id=\"7c1e649\" data-element_type=\"section\">\n\t\t\t\t\t\t<div class=\"elementor-container elementor-column-gap-no\">\n\t\t\t\t\t<div class=\"elementor-column elementor-col-50 elementor-top-column elementor-element elementor-element-d147c31\" data-id=\"d147c31\" data-element_type=\"column\" data-settings=\"{&quot;background_background&quot;:&quot;classic&quot;}\">\n\t\t\t<div class=\"elementor-widget-wrap elementor-element-populated\">\n\t\t\t\t\t\t<div class=\"elementor-element elementor-element-e7e1e62 elementor-hidden-desktop elementor-hidden-tablet elementor-widget elementor-widget-spacer\" data-id=\"e7e1e62\" data-element_type=\"widget\" data-widget_type=\"spacer.default\">\n\t\t\t\t<div class=\"elementor-widget-container\">\n\t\t\t\t\t<div class=\"elementor-spacer\">\n\t\t\t<div class=\"elementor-spacer-inner\"><\/div>\n\t\t<\/div>\n\t\t\t\t<\/div>\n\t\t\t\t<\/div>\n\t\t\t\t\t<\/div>\n\t\t<\/div>\n\t\t\t\t<div class=\"elementor-column elementor-col-50 elementor-top-column elementor-element elementor-element-809c945\" data-id=\"809c945\" data-element_type=\"column\" data-settings=\"{&quot;background_background&quot;:&quot;classic&quot;}\">\n\t\t\t<div class=\"elementor-widget-wrap elementor-element-populated\">\n\t\t\t\t\t\t<section class=\"elementor-section elementor-inner-section elementor-element elementor-element-3d4b3ad elementor-section-height-min-height elementor-section-boxed elementor-section-height-default\" data-id=\"3d4b3ad\" data-element_type=\"section\" data-settings=\"{&quot;background_background&quot;:&quot;classic&quot;}\">\n\t\t\t\t\t\t<div class=\"elementor-container elementor-column-gap-default\">\n\t\t\t\t\t<div class=\"elementor-column elementor-col-100 elementor-inner-column elementor-element elementor-element-e9ff2ea\" data-id=\"e9ff2ea\" data-element_type=\"column\">\n\t\t\t<div class=\"elementor-widget-wrap elementor-element-populated\">\n\t\t\t\t\t\t<div class=\"elementor-element elementor-element-db38041 elementor-widget elementor-widget-heading\" data-id=\"db38041\" data-element_type=\"widget\" data-widget_type=\"heading.default\">\n\t\t\t\t<div class=\"elementor-widget-container\">\n\t\t\t<h1 class=\"elementor-heading-title elementor-size-default\"><strong>PDI<\/strong><\/h1>\t\t<\/div>\n\t\t\t\t<\/div>\n\t\t\t\t<div class=\"elementor-element elementor-element-a1d2ef2 elementor-widget elementor-widget-text-editor\" data-id=\"a1d2ef2\" data-element_type=\"widget\" data-widget_type=\"text-editor.default\">\n\t\t\t\t<div class=\"elementor-widget-container\">\n\t\t\t\t\t\t\t<p>Los Planes Directores de Inform\u00e1tica son estudios de ingenier\u00eda con el objetivo de detallar las especificaciones de un sistema inform\u00e1tico en entorno industrial, proporcionando informaci\u00f3n de ingenier\u00eda b\u00e1sica y conceptual, de detalle para las compras y directrices de construcci\u00f3n y montaje, tanto de hardware como de software y de seguridad, respetando las normas y bas\u00e1ndose en la viabilidad t\u00e9cnica y comercial.<\/p><p>Elementos de un PDI:<\/p>\t\t\t\t\t\t<\/div>\n\t\t\t\t<\/div>\n\t\t\t\t<div class=\"elementor-element elementor-element-116057a elementor-icon-list--layout-traditional elementor-list-item-link-full_width elementor-widget elementor-widget-icon-list\" data-id=\"116057a\" data-element_type=\"widget\" data-widget_type=\"icon-list.default\">\n\t\t\t\t<div class=\"elementor-widget-container\">\n\t\t\t\t\t<ul class=\"elementor-icon-list-items\">\n\t\t\t\t\t\t\t<li class=\"elementor-icon-list-item\">\n\t\t\t\t\t\t\t\t\t\t\t<span class=\"elementor-icon-list-icon\">\n\t\t\t\t\t\t\t<i aria-hidden=\"true\" class=\"fas fa-check-circle\"><\/i>\t\t\t\t\t\t<\/span>\n\t\t\t\t\t\t\t\t\t\t<span class=\"elementor-icon-list-text\">Infraestructura y cableado estructurado<\/span>\n\t\t\t\t\t\t\t\t\t<\/li>\n\t\t\t\t\t\t\t\t<li class=\"elementor-icon-list-item\">\n\t\t\t\t\t\t\t\t\t\t\t<span class=\"elementor-icon-list-icon\">\n\t\t\t\t\t\t\t<i aria-hidden=\"true\" class=\"fas fa-check-circle\"><\/i>\t\t\t\t\t\t<\/span>\n\t\t\t\t\t\t\t\t\t\t<span class=\"elementor-icon-list-text\">Fibra \u00f3ptica, conmutadores, pasarelas<\/span>\n\t\t\t\t\t\t\t\t\t<\/li>\n\t\t\t\t\t\t\t\t<li class=\"elementor-icon-list-item\">\n\t\t\t\t\t\t\t\t\t\t\t<span class=\"elementor-icon-list-icon\">\n\t\t\t\t\t\t\t<i aria-hidden=\"true\" class=\"fas fa-check-circle\"><\/i>\t\t\t\t\t\t<\/span>\n\t\t\t\t\t\t\t\t\t\t<span class=\"elementor-icon-list-text\">Radios inal\u00e1mbricas<\/span>\n\t\t\t\t\t\t\t\t\t<\/li>\n\t\t\t\t\t\t\t\t<li class=\"elementor-icon-list-item\">\n\t\t\t\t\t\t\t\t\t\t\t<span class=\"elementor-icon-list-icon\">\n\t\t\t\t\t\t\t<i aria-hidden=\"true\" class=\"fas fa-check-circle\"><\/i>\t\t\t\t\t\t<\/span>\n\t\t\t\t\t\t\t\t\t\t<span class=\"elementor-icon-list-text\">Servidores y microordenadores<\/span>\n\t\t\t\t\t\t\t\t\t<\/li>\n\t\t\t\t\t\t\t\t<li class=\"elementor-icon-list-item\">\n\t\t\t\t\t\t\t\t\t\t\t<span class=\"elementor-icon-list-icon\">\n\t\t\t\t\t\t\t<i aria-hidden=\"true\" class=\"fas fa-check-circle\"><\/i>\t\t\t\t\t\t<\/span>\n\t\t\t\t\t\t\t\t\t\t<span class=\"elementor-icon-list-text\">Centro Operativo Integrado<\/span>\n\t\t\t\t\t\t\t\t\t<\/li>\n\t\t\t\t\t\t\t\t<li class=\"elementor-icon-list-item\">\n\t\t\t\t\t\t\t\t\t\t\t<span class=\"elementor-icon-list-icon\">\n\t\t\t\t\t\t\t<i aria-hidden=\"true\" class=\"fas fa-check-circle\"><\/i>\t\t\t\t\t\t<\/span>\n\t\t\t\t\t\t\t\t\t\t<span class=\"elementor-icon-list-text\">Portal web y videowall<\/span>\n\t\t\t\t\t\t\t\t\t<\/li>\n\t\t\t\t\t\t\t\t<li class=\"elementor-icon-list-item\">\n\t\t\t\t\t\t\t\t\t\t\t<span class=\"elementor-icon-list-icon\">\n\t\t\t\t\t\t\t<i aria-hidden=\"true\" class=\"fas fa-check-circle\"><\/i>\t\t\t\t\t\t<\/span>\n\t\t\t\t\t\t\t\t\t\t<span class=\"elementor-icon-list-text\">Estaci\u00f3n de ingenier\u00eda con gesti\u00f3n de activos, alarmas y mallas<\/span>\n\t\t\t\t\t\t\t\t\t<\/li>\n\t\t\t\t\t\t\t\t<li class=\"elementor-icon-list-item\">\n\t\t\t\t\t\t\t\t\t\t\t<span class=\"elementor-icon-list-icon\">\n\t\t\t\t\t\t\t<i aria-hidden=\"true\" class=\"fas fa-check-circle\"><\/i>\t\t\t\t\t\t<\/span>\n\t\t\t\t\t\t\t\t\t\t<span class=\"elementor-icon-list-text\">KPI de diagn\u00f3stico industrial, OEE y MES<\/span>\n\t\t\t\t\t\t\t\t\t<\/li>\n\t\t\t\t\t\t\t\t<li class=\"elementor-icon-list-item\">\n\t\t\t\t\t\t\t\t\t\t\t<span class=\"elementor-icon-list-icon\">\n\t\t\t\t\t\t\t<i aria-hidden=\"true\" class=\"fas fa-check-circle\"><\/i>\t\t\t\t\t\t<\/span>\n\t\t\t\t\t\t\t\t\t\t<span class=\"elementor-icon-list-text\">Enrutamiento de proyectos, arquitecturas de proyectos<\/span>\n\t\t\t\t\t\t\t\t\t<\/li>\n\t\t\t\t\t\t\t\t<li class=\"elementor-icon-list-item\">\n\t\t\t\t\t\t\t\t\t\t\t<span class=\"elementor-icon-list-icon\">\n\t\t\t\t\t\t\t<i aria-hidden=\"true\" class=\"fas fa-check-circle\"><\/i>\t\t\t\t\t\t<\/span>\n\t\t\t\t\t\t\t\t\t\t<span class=\"elementor-icon-list-text\">Software Scada, Web, Base de datos<\/span>\n\t\t\t\t\t\t\t\t\t<\/li>\n\t\t\t\t\t\t\t\t<li class=\"elementor-icon-list-item\">\n\t\t\t\t\t\t\t\t\t\t\t<span class=\"elementor-icon-list-icon\">\n\t\t\t\t\t\t\t<i aria-hidden=\"true\" class=\"fas fa-check-circle\"><\/i>\t\t\t\t\t\t<\/span>\n\t\t\t\t\t\t\t\t\t\t<span class=\"elementor-icon-list-text\">Mobiliario, CCTV, entorno operative<\/span>\n\t\t\t\t\t\t\t\t\t<\/li>\n\t\t\t\t\t\t\t\t<li class=\"elementor-icon-list-item\">\n\t\t\t\t\t\t\t\t\t\t\t<span class=\"elementor-icon-list-icon\">\n\t\t\t\t\t\t\t<i aria-hidden=\"true\" class=\"fas fa-check-circle\"><\/i>\t\t\t\t\t\t<\/span>\n\t\t\t\t\t\t\t\t\t\t<span class=\"elementor-icon-list-text\">Herramientas de colaboraci\u00f3n, videoconferencia<\/span>\n\t\t\t\t\t\t\t\t\t<\/li>\n\t\t\t\t\t\t\t\t<li class=\"elementor-icon-list-item\">\n\t\t\t\t\t\t\t\t\t\t\t<span class=\"elementor-icon-list-icon\">\n\t\t\t\t\t\t\t<i aria-hidden=\"true\" class=\"fas fa-check-circle\"><\/i>\t\t\t\t\t\t<\/span>\n\t\t\t\t\t\t\t\t\t\t<span class=\"elementor-icon-list-text\">Integraci\u00f3n corporativa con Intranet y Extra<\/span>\n\t\t\t\t\t\t\t\t\t<\/li>\n\t\t\t\t\t\t\t\t<li class=\"elementor-icon-list-item\">\n\t\t\t\t\t\t\t\t\t\t\t<span class=\"elementor-icon-list-icon\">\n\t\t\t\t\t\t\t<i aria-hidden=\"true\" class=\"fas fa-check-circle\"><\/i>\t\t\t\t\t\t<\/span>\n\t\t\t\t\t\t\t\t\t\t<span class=\"elementor-icon-list-text\">Seguridad de la red y pol\u00edticas inform\u00e1ticas<\/span>\n\t\t\t\t\t\t\t\t\t<\/li>\n\t\t\t\t\t\t\t\t<li class=\"elementor-icon-list-item\">\n\t\t\t\t\t\t\t\t\t\t\t<span class=\"elementor-icon-list-icon\">\n\t\t\t\t\t\t\t<i aria-hidden=\"true\" class=\"fas fa-check-circle\"><\/i>\t\t\t\t\t\t<\/span>\n\t\t\t\t\t\t\t\t\t\t<span class=\"elementor-icon-list-text\">Calendario de aplicaci\u00f3n<\/span>\n\t\t\t\t\t\t\t\t\t<\/li>\n\t\t\t\t\t\t<\/ul>\n\t\t\t\t<\/div>\n\t\t\t\t<\/div>\n\t\t\t\t\t<\/div>\n\t\t<\/div>\n\t\t\t\t\t<\/div>\n\t\t<\/section>\n\t\t\t\t\t<\/div>\n\t\t<\/div>\n\t\t\t\t\t<\/div>\n\t\t<\/section>\n\t\t\t\t<section class=\"elementor-section elementor-top-section elementor-element elementor-element-34552f6 elementor-section-boxed elementor-section-height-default elementor-section-height-default\" data-id=\"34552f6\" data-element_type=\"section\">\n\t\t\t\t\t\t<div class=\"elementor-container elementor-column-gap-no\">\n\t\t\t\t\t<div class=\"elementor-column elementor-col-100 elementor-top-column elementor-element elementor-element-4214849\" data-id=\"4214849\" data-element_type=\"column\">\n\t\t\t<div class=\"elementor-widget-wrap elementor-element-populated\">\n\t\t\t\t\t\t<div class=\"elementor-element elementor-element-dbd97c2 elementor-widget elementor-widget-heading\" data-id=\"dbd97c2\" data-element_type=\"widget\" data-widget_type=\"heading.default\">\n\t\t\t\t<div class=\"elementor-widget-container\">\n\t\t\t<h1 class=\"elementor-heading-title elementor-size-default\">INDICADORES DE<br><strong>RENDIMIENTO<\/strong><\/h1>\t\t<\/div>\n\t\t\t\t<\/div>\n\t\t\t\t<div class=\"elementor-element elementor-element-1567f93 elementor-widget elementor-widget-text-editor\" data-id=\"1567f93\" data-element_type=\"widget\" data-widget_type=\"text-editor.default\">\n\t\t\t\t<div class=\"elementor-widget-container\">\n\t\t\t\t\t\t\t<p>Con la madurez de los sistemas de automatizaci\u00f3n industrial, por ejemplo, el Scada y el PLC est\u00e1n alcanzando niveles \u00f3ptimos de control operativo, incluso la convergencia de la TI (Tecnolog\u00eda de la Informaci\u00f3n) con la AT (Tecnolog\u00eda de la Automatizaci\u00f3n) puede ver hoy en d\u00eda plantas completas operadas por el centro de operaciones integrado (IOC).<\/p><p>Los PDA (Planes Directores de Automatizaci\u00f3n) ya buscan formas de integrar la gesti\u00f3n de estas plantas en el nivel intermedio, es decir, \u00bfc\u00f3mo de eficiente es mi producci\u00f3n industrial cualitativa y cuantitativamente? Para ello, existen herramientas de Gesti\u00f3n Industrial de diversos niveles y aplicaciones, desde bases de datos para el cruce de informaci\u00f3n en hojas de c\u00e1lculo electr\u00f3nicas hasta la implantaci\u00f3n de sistemas MES (Manufacturing Execution Systems) regidos por S95, que conectan con sistemas ERP (Enterprise Resource Planning).<\/p><p>El objetivo principal es ofrecer informaci\u00f3n de gesti\u00f3n de la planta en tiempo real para los niveles de supervisi\u00f3n y gesti\u00f3n de la producci\u00f3n, por ejemplo, el molino puede tener el control operativo correcto, sin fallos ni eventos de alarma, pero \u00bfest\u00e1 trabajando con el nivel de eficiencia para el que fue dise\u00f1ado? \u00bfEst\u00e1n las relaciones entre la velocidad de rotaci\u00f3n y el nivel de producci\u00f3n dentro de los par\u00e1metros? \u00bfEst\u00e1 el flujo de remojo correlacionado con el flujo de caldo tal y como est\u00e1 previsto en la producci\u00f3n?<\/p><p>Pues bien, toda esta informaci\u00f3n se puede obtener en tiempo real a trav\u00e9s de estos sistemas de gesti\u00f3n, conocidos como Indicadores de Rendimiento o KPI (Key Performance Indicator), conozca las soluciones de Gesti\u00f3n Industrial que Fertron tiene para su empresa y gane en Inteligencia de Planta.<\/p>\t\t\t\t\t\t<\/div>\n\t\t\t\t<\/div>\n\t\t\t\t\t<\/div>\n\t\t<\/div>\n\t\t\t\t\t<\/div>\n\t\t<\/section>\n\t\t\t\t<\/div>\n\t\t","protected":false},"excerpt":{"rendered":"<p>Gesti\u00f3n de la planta en tiempo real para los niveles de supervisi\u00f3n y gesti\u00f3n de la producci\u00f3n La gesti\u00f3n de calidad de Fertron se basa en la norma ISO 9001, siguiendo la tendencia del mercado. La gesti\u00f3n de proyectos se ha convertido en una estrategia cada vez m\u00e1s practicada por las organizaciones, debido a la<a id=\"ocpc-postlink\" class=\"read-more\" target=\"_blank\" href=\"https:\/\/danielsoareswebdesign.com.br\/oldfertron\/es\/gestion-industrial\/\"> [&hellip;]<\/a><\/p>\n","protected":false},"author":1,"featured_media":0,"parent":0,"menu_order":0,"comment_status":"closed","ping_status":"closed","template":"","meta":{"footnotes":""},"class_list":["post-1031","page","type-page","status-publish","hentry"],"_links":{"self":[{"href":"https:\/\/danielsoareswebdesign.com.br\/oldfertron\/wp-json\/wp\/v2\/pages\/1031","targetHints":{"allow":["GET"]}}],"collection":[{"href":"https:\/\/danielsoareswebdesign.com.br\/oldfertron\/wp-json\/wp\/v2\/pages"}],"about":[{"href":"https:\/\/danielsoareswebdesign.com.br\/oldfertron\/wp-json\/wp\/v2\/types\/page"}],"author":[{"embeddable":true,"href":"https:\/\/danielsoareswebdesign.com.br\/oldfertron\/wp-json\/wp\/v2\/users\/1"}],"replies":[{"embeddable":true,"href":"https:\/\/danielsoareswebdesign.com.br\/oldfertron\/wp-json\/wp\/v2\/comments?post=1031"}],"version-history":[{"count":40,"href":"https:\/\/danielsoareswebdesign.com.br\/oldfertron\/wp-json\/wp\/v2\/pages\/1031\/revisions"}],"predecessor-version":[{"id":3523,"href":"https:\/\/danielsoareswebdesign.com.br\/oldfertron\/wp-json\/wp\/v2\/pages\/1031\/revisions\/3523"}],"wp:attachment":[{"href":"https:\/\/danielsoareswebdesign.com.br\/oldfertron\/wp-json\/wp\/v2\/media?parent=1031"}],"curies":[{"name":"wp","href":"https:\/\/api.w.org\/{rel}","templated":true}]}}